{"id":854,"date":"2020-05-21T20:07:47","date_gmt":"2020-05-21T20:07:47","guid":{"rendered":"https:\/\/themes.envytheme.com\/ecademy\/?page_id=854"},"modified":"2024-12-13T04:02:45","modified_gmt":"2024-12-13T09:02:45","slug":"altacalidad-rei","status":"publish","type":"page","link":"https:\/\/jardinboticceli.com\/index.php\/altacalidad-rei\/","title":{"rendered":"Alta Calidad y REI"},"content":{"rendered":"\t\t<div data-elementor-type=\"wp-page\" data-elementor-id=\"854\" class=\"elementor elementor-854\" data-elementor-settings=\"[]\">\n\t\t\t\t\t\t<div class=\"elementor-inner\">\n\t\t\t\t\t\t\t<div class=\"elementor-section-wrap\">\n\t\t\t\t\t\t\t<section class=\"elementor-section elementor-top-section elementor-element elementor-element-32e791d elementor-section-boxed elementor-section-height-default elementor-section-height-default\" data-id=\"32e791d\" data-element_type=\"section\">\n\t\t\t\t\t\t<div class=\"elementor-container elementor-column-gap-default\">\n\t\t\t\t\t\t\t<div class=\"elementor-row\">\n\t\t\t\t\t<div class=\"elementor-column elementor-col-100 elementor-top-column elementor-element elementor-element-6a5eaa5\" data-id=\"6a5eaa5\" data-element_type=\"column\">\n\t\t\t<div class=\"elementor-column-wrap elementor-element-populated\">\n\t\t\t\t\t\t\t<div class=\"elementor-widget-wrap\">\n\t\t\t\t\t\t<div class=\"elementor-element elementor-element-7ab08ff elementor-widget elementor-widget-heading\" data-id=\"7ab08ff\" data-element_type=\"widget\" data-widget_type=\"heading.default\">\n\t\t\t\t<div class=\"elementor-widget-container\">\n\t\t\t<h2 class=\"elementor-heading-title elementor-size-xl\">Secretar\u00eda Distrital de Integraci\u00f3n Social (SDIS)<\/h2>\t\t<\/div>\n\t\t\t\t<\/div>\n\t\t\t\t<div class=\"elementor-element elementor-element-005ff32 elementor-widget elementor-widget-text-editor\" data-id=\"005ff32\" data-element_type=\"widget\" data-widget_type=\"text-editor.default\">\n\t\t\t\t<div class=\"elementor-widget-container\">\n\t\t\t\t\t<div class=\"elementor-text-editor elementor-clearfix\"><p>La Secretar\u00eda Distrital de Integraci\u00f3n Social (SDIS) es la entidad encargada de regular, inspeccionar, vigilar y controlar los establecimientos p\u00fablicos y privados que ofrecen servicios de Educaci\u00f3n Inicial en Bogot\u00e1. Su labor se basa en el Acuerdo 138 de 2004 y el Decreto 057 de 2009, que establecen las condiciones de operaci\u00f3n para garantizar una atenci\u00f3n integral de calidad a ni\u00f1as y ni\u00f1os entre los 0 y los 5 a\u00f1os.<\/p><p>Entre sus principales funciones, la SDIS otorga el <strong>Registro de Educaci\u00f3n Inicial (REI)<\/strong>, un requisito obligatorio para todas las instituciones que presten este servicio. Este registro certifica que el jard\u00edn cumple con los est\u00e1ndares de calidad definidos, asegurando el bienestar, la seguridad y el desarrollo integral de los menores.<\/p><p>La SDIS tambi\u00e9n realiza visitas de control y ofrece asesor\u00edas para fortalecer los servicios educativos, protegiendo los derechos de los ni\u00f1os y promoviendo altos est\u00e1ndares en la primera infancia.<\/p><p>Como padres de familia, pueden confiar en que la Secretar\u00eda vela por la calidad y el cumplimiento normativo de los jardines infantiles en Bogot\u00e1, para que sus hijos reciban una atenci\u00f3n segura y adecuada.<\/p><\/div>\n\t\t\t\t<\/div>\n\t\t\t\t<\/div>\n\t\t\t\t\t\t<\/div>\n\t\t\t\t\t<\/div>\n\t\t<\/div>\n\t\t\t\t\t\t\t\t<\/div>\n\t\t\t\t\t<\/div>\n\t\t<\/section>\n\t\t\t\t<section class=\"elementor-section elementor-top-section elementor-element elementor-element-c904ae9 elementor-section-boxed elementor-section-height-default elementor-section-height-default\" data-id=\"c904ae9\" data-element_type=\"section\">\n\t\t\t\t\t\t<div class=\"elementor-container elementor-column-gap-default\">\n\t\t\t\t\t\t\t<div class=\"elementor-row\">\n\t\t\t\t\t<div class=\"elementor-column elementor-col-100 elementor-top-column elementor-element elementor-element-c5b0ca4\" data-id=\"c5b0ca4\" data-element_type=\"column\">\n\t\t\t<div class=\"elementor-column-wrap elementor-element-populated\">\n\t\t\t\t\t\t\t<div class=\"elementor-widget-wrap\">\n\t\t\t\t\t\t<div class=\"elementor-element elementor-element-b420ab7 elementor-align-center elementor-widget elementor-widget-button\" data-id=\"b420ab7\" data-element_type=\"widget\" data-widget_type=\"button.default\">\n\t\t\t\t<div class=\"elementor-widget-container\">\n\t\t\t\t\t<div class=\"elementor-button-wrapper\">\n\t\t\t<a href=\"https:\/\/www.integracionsocial.gov.co\/index.php\" target=\"_blank\" class=\"elementor-button-link elementor-button elementor-size-xl\" role=\"button\">\n\t\t\t\t\t\t<span class=\"elementor-button-content-wrapper\">\n\t\t\t\t\t\t<span class=\"elementor-button-icon elementor-align-icon-left\">\n\t\t\t\t<i aria-hidden=\"true\" class=\"far fa-hand-point-right\"><\/i>\t\t\t<\/span>\n\t\t\t\t\t\t<span class=\"elementor-button-text\">Conoce m\u00e1s sobre SDIS<\/span>\n\t\t<\/span>\n\t\t\t\t\t<\/a>\n\t\t<\/div>\n\t\t\t\t<\/div>\n\t\t\t\t<\/div>\n\t\t\t\t\t\t<\/div>\n\t\t\t\t\t<\/div>\n\t\t<\/div>\n\t\t\t\t\t\t\t\t<\/div>\n\t\t\t\t\t<\/div>\n\t\t<\/section>\n\t\t\t\t<section class=\"elementor-section elementor-top-section elementor-element elementor-element-5c5b4e6e ptb-100 elementor-section-boxed elementor-section-height-default elementor-section-height-default\" data-id=\"5c5b4e6e\" data-element_type=\"section\">\n\t\t\t\t\t\t<div class=\"elementor-container elementor-column-gap-default\">\n\t\t\t\t\t\t\t<div class=\"elementor-row\">\n\t\t\t\t\t<div class=\"elementor-column elementor-col-100 elementor-top-column elementor-element elementor-element-39286b0e\" data-id=\"39286b0e\" data-element_type=\"column\">\n\t\t\t<div class=\"elementor-column-wrap elementor-element-populated\">\n\t\t\t\t\t\t\t<div class=\"elementor-widget-wrap\">\n\t\t\t\t\t\t<div class=\"elementor-element elementor-element-78a38d3 elementor-widget elementor-widget-heading\" data-id=\"78a38d3\" data-element_type=\"widget\" data-widget_type=\"heading.default\">\n\t\t\t\t<div class=\"elementor-widget-container\">\n\t\t\t<h2 class=\"elementor-heading-title elementor-size-xl\">La Importancia del Registro de Educaci\u00f3n Inicial (REI)<\/h2>\t\t<\/div>\n\t\t\t\t<\/div>\n\t\t\t\t<section class=\"elementor-section elementor-inner-section elementor-element elementor-element-1d487e20 elementor-section-full_width elementor-section-content-middle elementor-section-height-default elementor-section-height-default\" data-id=\"1d487e20\" data-element_type=\"section\">\n\t\t\t\t\t\t<div class=\"elementor-container elementor-column-gap-no\">\n\t\t\t\t\t\t\t<div class=\"elementor-row\">\n\t\t\t\t\t<div class=\"elementor-column elementor-col-50 elementor-inner-column elementor-element elementor-element-48c7aa0b\" data-id=\"48c7aa0b\" data-element_type=\"column\">\n\t\t\t<div class=\"elementor-column-wrap elementor-element-populated\">\n\t\t\t\t\t\t\t<div class=\"elementor-widget-wrap\">\n\t\t\t\t\t\t<div class=\"elementor-element elementor-element-5da7f0b4 elementor-widget elementor-widget-image\" data-id=\"5da7f0b4\" data-element_type=\"widget\" data-widget_type=\"image.default\">\n\t\t\t\t<div class=\"elementor-widget-container\">\n\t\t\t\t\t<div class=\"elementor-image\">\n\t\t\t\t\t\t\t\t\t\t<img loading=\"lazy\" decoding=\"async\" width=\"640\" height=\"829\" src=\"https:\/\/jardinboticceli.com\/wp-content\/uploads\/2024\/12\/REI-resaltado-791x1024.png\" class=\"attachment-large size-large\" alt=\"\" srcset=\"https:\/\/jardinboticceli.com\/wp-content\/uploads\/2024\/12\/REI-resaltado-791x1024.png 791w, https:\/\/jardinboticceli.com\/wp-content\/uploads\/2024\/12\/REI-resaltado-232x300.png 232w, https:\/\/jardinboticceli.com\/wp-content\/uploads\/2024\/12\/REI-resaltado-768x994.png 768w, https:\/\/jardinboticceli.com\/wp-content\/uploads\/2024\/12\/REI-resaltado-1187x1536.png 1187w, https:\/\/jardinboticceli.com\/wp-content\/uploads\/2024\/12\/REI-resaltado-1583x2048.png 1583w, https:\/\/jardinboticceli.com\/wp-content\/uploads\/2024\/12\/REI-resaltado-600x776.png 600w\" sizes=\"auto, (max-width: 640px) 100vw, 640px\" \/>\t\t\t\t\t\t\t\t\t\t\t<\/div>\n\t\t\t\t<\/div>\n\t\t\t\t<\/div>\n\t\t\t\t\t\t<\/div>\n\t\t\t\t\t<\/div>\n\t\t<\/div>\n\t\t\t\t<div class=\"elementor-column elementor-col-50 elementor-inner-column elementor-element elementor-element-22ffa520\" data-id=\"22ffa520\" data-element_type=\"column\">\n\t\t\t<div class=\"elementor-column-wrap elementor-element-populated\">\n\t\t\t\t\t\t\t<div class=\"elementor-widget-wrap\">\n\t\t\t\t\t\t<div class=\"elementor-element elementor-element-6388d2d2 elementor-widget elementor-widget-text-editor\" data-id=\"6388d2d2\" data-element_type=\"widget\" data-widget_type=\"text-editor.default\">\n\t\t\t\t<div class=\"elementor-widget-container\">\n\t\t\t\t\t<div class=\"elementor-text-editor elementor-clearfix\"><p>El Registro de Educaci\u00f3n Inicial (REI) es una certificaci\u00f3n expedida por la Secretar\u00eda Distrital de Integraci\u00f3n Social (SDIS) que garantiza que los jardines infantiles cumplen con los est\u00e1ndares de calidad necesarios para brindar atenci\u00f3n integral a los ni\u00f1os y ni\u00f1as en su primera infancia.<\/p><p>Para obtener el REI, los jardines deben:<\/p><ol><li>Cumplir plenamente con los est\u00e1ndares esenciales de calidad.<\/li><li>Alcanzar un porcentaje superior al 70% en los est\u00e1ndares b\u00e1sicos de calidad.<\/li><li>Presentar un plan de mejoramiento continuo para, en un plazo m\u00e1ximo de dos a\u00f1os, cumplir con los requisitos para obtener el Certificado de Alta Calidad.<\/li><\/ol><div><p><strong>\u00bfPor qu\u00e9 es importante para los padres?<\/strong><\/p><p>es fundamental verificar que cuente con el Registro de Educaci\u00f3n Inicial (REI). Esto asegura que la instituci\u00f3n est\u00e1 bajo supervisi\u00f3n constante y que cumple con est\u00e1ndares de calidad que garantizan un ambiente \u00f3ptimo para el desarrollo de los ni\u00f1os.<\/p><p>Elegir un jard\u00edn con el REI ofrece varias garant\u00edas:<\/p><ul><li>Asegura un ambiente seguro, estimulante y adecuado para el desarrollo integral de los ni\u00f1os.<\/li><li>Garantiza que la instituci\u00f3n est\u00e1 bajo supervisi\u00f3n y cumple con est\u00e1ndares de calidad establecidos.<\/li><li>Confirma que el jard\u00edn trabaja continuamente en mejorar la calidad de sus servicios.<\/li><\/ul><p>Verifica siempre que el jard\u00edn infantil donde estudian tus hijos cuente con el REI: es un indicador de compromiso y calidad en la educaci\u00f3n inicial.<\/p><\/div><\/div>\n\t\t\t\t<\/div>\n\t\t\t\t<\/div>\n\t\t\t\t\t\t<\/div>\n\t\t\t\t\t<\/div>\n\t\t<\/div>\n\t\t\t\t\t\t\t\t<\/div>\n\t\t\t\t\t<\/div>\n\t\t<\/section>\n\t\t\t\t<div class=\"elementor-element elementor-element-4696a46 elementor-widget elementor-widget-spacer\" data-id=\"4696a46\" data-element_type=\"widget\" data-widget_type=\"spacer.default\">\n\t\t\t\t<div class=\"elementor-widget-container\">\n\t\t\t\t\t<div class=\"elementor-spacer\">\n\t\t\t<div class=\"elementor-spacer-inner\"><\/div>\n\t\t<\/div>\n\t\t\t\t<\/div>\n\t\t\t\t<\/div>\n\t\t\t\t<div class=\"elementor-element elementor-element-e49a3bd elementor-widget elementor-widget-spacer\" data-id=\"e49a3bd\" data-element_type=\"widget\" data-widget_type=\"spacer.default\">\n\t\t\t\t<div class=\"elementor-widget-container\">\n\t\t\t\t\t<div class=\"elementor-spacer\">\n\t\t\t<div class=\"elementor-spacer-inner\"><\/div>\n\t\t<\/div>\n\t\t\t\t<\/div>\n\t\t\t\t<\/div>\n\t\t\t\t<div class=\"elementor-element elementor-element-f41cdf1 elementor-widget elementor-widget-heading\" data-id=\"f41cdf1\" data-element_type=\"widget\" data-widget_type=\"heading.default\">\n\t\t\t\t<div class=\"elementor-widget-container\">\n\t\t\t<h2 class=\"elementor-heading-title elementor-size-xl\">Certificado de Alta Calidad: La M\u00e1xima Distinci\u00f3n en Educaci\u00f3n Inicial<\/h2>\t\t<\/div>\n\t\t\t\t<\/div>\n\t\t\t\t<section class=\"elementor-section elementor-inner-section elementor-element elementor-element-165df5bc elementor-section-full_width elementor-section-content-middle elementor-section-height-default elementor-section-height-default\" data-id=\"165df5bc\" data-element_type=\"section\">\n\t\t\t\t\t\t<div class=\"elementor-container elementor-column-gap-no\">\n\t\t\t\t\t\t\t<div class=\"elementor-row\">\n\t\t\t\t\t<div class=\"elementor-column elementor-col-50 elementor-inner-column elementor-element elementor-element-3f3e5cc\" data-id=\"3f3e5cc\" data-element_type=\"column\">\n\t\t\t<div class=\"elementor-column-wrap elementor-element-populated\">\n\t\t\t\t\t\t\t<div class=\"elementor-widget-wrap\">\n\t\t\t\t\t\t<div class=\"elementor-element elementor-element-54fc33f8 elementor-widget elementor-widget-text-editor\" data-id=\"54fc33f8\" data-element_type=\"widget\" data-widget_type=\"text-editor.default\">\n\t\t\t\t<div class=\"elementor-widget-container\">\n\t\t\t\t\t<div class=\"elementor-text-editor elementor-clearfix\"><p>El <strong>Certificado de Alta Calidad en la Atenci\u00f3n Integral a la Primera Infancia<\/strong> es la mayor distinci\u00f3n que puede obtener un jard\u00edn infantil en Bogot\u00e1. Este reconocimiento es otorgado por la Secretar\u00eda Distrital de Integraci\u00f3n Social a instituciones que, tras un riguroso proceso de verificaci\u00f3n, cumplen con el 100% de los est\u00e1ndares de calidad establecidos.<\/p><p><strong>\u00bfPor qu\u00e9 es importante para los padres?<\/strong><br \/>El Certificado de Alta Calidad garantiza que el jard\u00edn infantil no solo cumple, sino que supera las expectativas en atenci\u00f3n integral a la primera infancia, asegurando:<\/p><ul><li>Servicios educativos y de cuidado de la m\u00e1s alta calidad.<\/li><li>Supervisi\u00f3n constante por parte de la Secretar\u00eda Distrital de Integraci\u00f3n Social.<\/li><li>Un compromiso continuo con la excelencia y el bienestar infantil.<\/li><\/ul><p><strong>Bilingual School Boticceli: Un ejemplo de excelencia<\/strong><br \/>Nos llena de orgullo compartir que el <strong>Bilingual School Boticceli<\/strong> es el <strong>\u00fanico jard\u00edn infantil en la localidad de Kennedy<\/strong> que cuenta con este prestigioso certificado. Adem\u00e1s, somos <strong>uno de los nueve jardines en toda Bogot\u00e1<\/strong>, de m\u00e1s de 1.500 instituciones, que ha alcanzado este reconocimiento.<\/p><p>Esto reafirma nuestro compromiso con ofrecer la mejor atenci\u00f3n y educaci\u00f3n para los m\u00e1s peque\u00f1os. \u00a1Tu hijo merece lo mejor!<\/p><\/div>\n\t\t\t\t<\/div>\n\t\t\t\t<\/div>\n\t\t\t\t\t\t<\/div>\n\t\t\t\t\t<\/div>\n\t\t<\/div>\n\t\t\t\t<div class=\"elementor-column elementor-col-50 elementor-inner-column elementor-element elementor-element-32f2573b\" data-id=\"32f2573b\" data-element_type=\"column\">\n\t\t\t<div class=\"elementor-column-wrap elementor-element-populated\">\n\t\t\t\t\t\t\t<div class=\"elementor-widget-wrap\">\n\t\t\t\t\t\t<div class=\"elementor-element elementor-element-36df5a19 elementor-widget elementor-widget-image\" data-id=\"36df5a19\" data-element_type=\"widget\" data-widget_type=\"image.default\">\n\t\t\t\t<div class=\"elementor-widget-container\">\n\t\t\t\t\t<div class=\"elementor-image\">\n\t\t\t\t\t\t\t\t\t\t<img loading=\"lazy\" decoding=\"async\" width=\"640\" height=\"829\" src=\"https:\/\/jardinboticceli.com\/wp-content\/uploads\/2024\/12\/REI-resaltado-1-791x1024.png\" class=\"attachment-large size-large\" alt=\"\" srcset=\"https:\/\/jardinboticceli.com\/wp-content\/uploads\/2024\/12\/REI-resaltado-1-791x1024.png 791w, https:\/\/jardinboticceli.com\/wp-content\/uploads\/2024\/12\/REI-resaltado-1-232x300.png 232w, https:\/\/jardinboticceli.com\/wp-content\/uploads\/2024\/12\/REI-resaltado-1-768x994.png 768w, https:\/\/jardinboticceli.com\/wp-content\/uploads\/2024\/12\/REI-resaltado-1-1187x1536.png 1187w, https:\/\/jardinboticceli.com\/wp-content\/uploads\/2024\/12\/REI-resaltado-1-1583x2048.png 1583w, https:\/\/jardinboticceli.com\/wp-content\/uploads\/2024\/12\/REI-resaltado-1-600x776.png 600w\" sizes=\"auto, (max-width: 640px) 100vw, 640px\" \/>\t\t\t\t\t\t\t\t\t\t\t<\/div>\n\t\t\t\t<\/div>\n\t\t\t\t<\/div>\n\t\t\t\t\t\t<\/div>\n\t\t\t\t\t<\/div>\n\t\t<\/div>\n\t\t\t\t\t\t\t\t<\/div>\n\t\t\t\t\t<\/div>\n\t\t<\/section>\n\t\t\t\t\t\t<\/div>\n\t\t\t\t\t<\/div>\n\t\t<\/div>\n\t\t\t\t\t\t\t\t<\/div>\n\t\t\t\t\t<\/div>\n\t\t<\/section>\n\t\t\t\t<section class=\"elementor-section elementor-top-section elementor-element elementor-element-7875ade elementor-section-boxed elementor-section-height-default elementor-section-height-default\" data-id=\"7875ade\" data-element_type=\"section\">\n\t\t\t\t\t\t<div class=\"elementor-container elementor-column-gap-default\">\n\t\t\t\t\t\t\t<div class=\"elementor-row\">\n\t\t\t\t\t<div class=\"elementor-column elementor-col-100 elementor-top-column elementor-element elementor-element-3d52fe9\" data-id=\"3d52fe9\" data-element_type=\"column\">\n\t\t\t<div class=\"elementor-column-wrap elementor-element-populated\">\n\t\t\t\t\t\t\t<div class=\"elementor-widget-wrap\">\n\t\t\t\t\t\t<div class=\"elementor-element elementor-element-d89c7ba elementor-align-center elementor-widget elementor-widget-button\" data-id=\"d89c7ba\" data-element_type=\"widget\" data-widget_type=\"button.default\">\n\t\t\t\t<div class=\"elementor-widget-container\">\n\t\t\t\t\t<div class=\"elementor-button-wrapper\">\n\t\t\t<a href=\"http:\/\/serviciossociales.integracionsocial.gov.co\/SIRSS\/adminVerBLOB?tabla=T_NORMATIVIDAD&#038;p_NORM_ID=741&#038;inputfileext=NORM_FILE_EXT&#038;f_NORM_FILE=X\" target=\"_blank\" class=\"elementor-button-link elementor-button elementor-size-xl\" role=\"button\">\n\t\t\t\t\t\t<span class=\"elementor-button-content-wrapper\">\n\t\t\t\t\t\t<span class=\"elementor-button-icon elementor-align-icon-left\">\n\t\t\t\t<i aria-hidden=\"true\" class=\"far fa-hand-point-right\"><\/i>\t\t\t<\/span>\n\t\t\t\t\t\t<span class=\"elementor-button-text\">Jardines con Certificado de Alta Calidad<\/span>\n\t\t<\/span>\n\t\t\t\t\t<\/a>\n\t\t<\/div>\n\t\t\t\t<\/div>\n\t\t\t\t<\/div>\n\t\t\t\t\t\t<\/div>\n\t\t\t\t\t<\/div>\n\t\t<\/div>\n\t\t\t\t\t\t\t\t<\/div>\n\t\t\t\t\t<\/div>\n\t\t<\/section>\n\t\t\t\t\t\t<\/div>\n\t\t\t\t\t\t<\/div>\n\t\t\t\t\t<\/div>\n\t\t","protected":false},"excerpt":{"rendered":"<p>Secretar\u00eda Distrital de Integraci\u00f3n Social (SDIS) La Secretar\u00eda Distrital de Integraci\u00f3n Social (SDIS) es la entidad encargada de regular, inspeccionar, vigilar y controlar los establecimientos p\u00fablicos y privados que ofrecen servicios de Educaci\u00f3n Inicial en Bogot\u00e1. Su labor se basa en el Acuerdo 138 de 2004 y el Decreto 057 de 2009, que establecen las <\/p>\n","protected":false},"author":1,"featured_media":0,"parent":0,"menu_order":0,"comment_status":"closed","ping_status":"closed","template":"","meta":{"footnotes":""},"class_list":["post-854","page","type-page","status-publish","hentry"],"_links":{"self":[{"href":"https:\/\/jardinboticceli.com\/index.php\/wp-json\/wp\/v2\/pages\/854","targetHints":{"allow":["GET"]}}],"collection":[{"href":"https:\/\/jardinboticceli.com\/index.php\/wp-json\/wp\/v2\/pages"}],"about":[{"href":"https:\/\/jardinboticceli.com\/index.php\/wp-json\/wp\/v2\/types\/page"}],"author":[{"embeddable":true,"href":"https:\/\/jardinboticceli.com\/index.php\/wp-json\/wp\/v2\/users\/1"}],"replies":[{"embeddable":true,"href":"https:\/\/jardinboticceli.com\/index.php\/wp-json\/wp\/v2\/comments?post=854"}],"version-history":[{"count":17,"href":"https:\/\/jardinboticceli.com\/index.php\/wp-json\/wp\/v2\/pages\/854\/revisions"}],"predecessor-version":[{"id":3454,"href":"https:\/\/jardinboticceli.com\/index.php\/wp-json\/wp\/v2\/pages\/854\/revisions\/3454"}],"wp:attachment":[{"href":"https:\/\/jardinboticceli.com\/index.php\/wp-json\/wp\/v2\/media?parent=854"}],"curies":[{"name":"wp","href":"https:\/\/api.w.org\/{rel}","templated":true}]}}