{"id":28,"date":"2020-05-02T07:29:27","date_gmt":"2020-05-02T07:29:27","guid":{"rendered":"https:\/\/themes.envytheme.com\/ecademy\/?page_id=28"},"modified":"2024-12-15T01:25:56","modified_gmt":"2024-12-15T06:25:56","slug":"servicios","status":"publish","type":"page","link":"https:\/\/jardinboticceli.com\/index.php\/servicios\/","title":{"rendered":"Servicios Complementarios Boticceli"},"content":{"rendered":"\t\t<div data-elementor-type=\"wp-page\" data-elementor-id=\"28\" class=\"elementor elementor-28\" data-elementor-settings=\"[]\">\n\t\t\t\t\t\t<div class=\"elementor-inner\">\n\t\t\t\t\t\t\t<div class=\"elementor-section-wrap\">\n\t\t\t\t\t\t\t<section class=\"elementor-section elementor-top-section elementor-element elementor-element-26f361c elementor-section-boxed elementor-section-height-default elementor-section-height-default\" data-id=\"26f361c\" data-element_type=\"section\">\n\t\t\t\t\t\t<div class=\"elementor-container elementor-column-gap-default\">\n\t\t\t\t\t\t\t<div class=\"elementor-row\">\n\t\t\t\t\t<div class=\"elementor-column elementor-col-100 elementor-top-column elementor-element elementor-element-8a0284f\" data-id=\"8a0284f\" data-element_type=\"column\">\n\t\t\t<div class=\"elementor-column-wrap elementor-element-populated\">\n\t\t\t\t\t\t\t<div class=\"elementor-widget-wrap\">\n\t\t\t\t\t\t<div class=\"elementor-element elementor-element-82d79b9 elementor-button-info elementor-align-center elementor-widget elementor-widget-button\" data-id=\"82d79b9\" data-element_type=\"widget\" data-widget_type=\"button.default\">\n\t\t\t\t<div class=\"elementor-widget-container\">\n\t\t\t\t\t<div class=\"elementor-button-wrapper\">\n\t\t\t<a href=\"https:\/\/jardinboticceli.com\/index.php\" class=\"elementor-button-link elementor-button elementor-size-md\" role=\"button\">\n\t\t\t\t\t\t<span class=\"elementor-button-content-wrapper\">\n\t\t\t\t\t\t<span class=\"elementor-button-icon elementor-align-icon-left\">\n\t\t\t\t<i aria-hidden=\"true\" class=\"fas fa-arrow-circle-right\"><\/i>\t\t\t<\/span>\n\t\t\t\t\t\t<span class=\"elementor-button-text\">INICIO<\/span>\n\t\t<\/span>\n\t\t\t\t\t<\/a>\n\t\t<\/div>\n\t\t\t\t<\/div>\n\t\t\t\t<\/div>\n\t\t\t\t<div class=\"elementor-element elementor-element-5da27fe elementor-widget elementor-widget-Overview_Area \" data-id=\"5da27fe\" data-element_type=\"widget\" data-widget_type=\"Overview_Area .default\">\n\t\t\t\t<div class=\"elementor-widget-container\">\n\t\t\t                    <div class=\"container\">\r\n                <div class=\"overview-box\">\r\n                    <div class=\"overview-content\">\r\n                        <span class=\"sub-title\">Servicios complementarios<\/span>\r\n                        <h2><\/h2>\r\n                        <p>En nuestro jard\u00edn, entendemos que no todo es estudio ni juego libre. Por eso, ofrecemos servicios complementarios dise\u00f1ados para brindar bienestar y tranquilidad tanto a los ni\u00f1os como a sus familias. Descubre todo lo que tenemos para ti:<\/p>\r\n\r\n                                            <\/div>\r\n\r\n                                            <div class=\"overview-image\">\r\n                                                            <img sm-src=\"https:\/\/jardinboticceli.com\/wp-content\/uploads\/2020\/12\/GIF1-4.gif\" alt=\"h2\"\/>\r\n                                                    <\/div>\r\n                                    <\/div>\r\n            <\/div>\r\n                \t\t<\/div>\n\t\t\t\t<\/div>\n\t\t\t\t<div class=\"elementor-element elementor-element-92b033b elementor-widget elementor-widget-spacer\" data-id=\"92b033b\" data-element_type=\"widget\" data-widget_type=\"spacer.default\">\n\t\t\t\t<div class=\"elementor-widget-container\">\n\t\t\t\t\t<div class=\"elementor-spacer\">\n\t\t\t<div class=\"elementor-spacer-inner\"><\/div>\n\t\t<\/div>\n\t\t\t\t<\/div>\n\t\t\t\t<\/div>\n\t\t\t\t\t\t<\/div>\n\t\t\t\t\t<\/div>\n\t\t<\/div>\n\t\t\t\t\t\t\t\t<\/div>\n\t\t\t\t\t<\/div>\n\t\t<\/section>\n\t\t\t\t<section class=\"elementor-section elementor-top-section elementor-element elementor-element-cf60c14 elementor-section-boxed elementor-section-height-default elementor-section-height-default\" data-id=\"cf60c14\" data-element_type=\"section\">\n\t\t\t\t\t\t<div class=\"elementor-container elementor-column-gap-default\">\n\t\t\t\t\t\t\t<div class=\"elementor-row\">\n\t\t\t\t\t<div class=\"elementor-column elementor-col-50 elementor-top-column elementor-element elementor-element-0f4204f\" data-id=\"0f4204f\" data-element_type=\"column\">\n\t\t\t<div class=\"elementor-column-wrap elementor-element-populated\">\n\t\t\t\t\t\t\t<div class=\"elementor-widget-wrap\">\n\t\t\t\t\t\t<div class=\"elementor-element elementor-element-bc7a3e2 elementor-widget elementor-widget-text-editor\" data-id=\"bc7a3e2\" data-element_type=\"widget\" data-widget_type=\"text-editor.default\">\n\t\t\t\t<div class=\"elementor-widget-container\">\n\t\t\t\t\t<div class=\"elementor-text-editor elementor-clearfix\"><h3><span style=\"font-size: 18pt;\"><strong>SERVICIO DE ALIMENTACI\u00d3N<\/strong><\/span><\/h3><p>Ofrecemos una alimentaci\u00f3n balanceada y deliciosa que encanta a los ni\u00f1os, incluso cuando en casa se resisten a ciertos alimentos como las verduras. Nuestro servicio incluye:<\/p><ul><li><strong>Onces:<\/strong> Frutas, jugos frescos y snacks saludables dise\u00f1ados por nuestra nutricionista.<\/li><li><strong>Almuerzos:<\/strong> Cumplen con todos los requerimientos nutricionales para ni\u00f1os de 2 a 6 a\u00f1os.<\/li><li><strong>Desayunos:<\/strong> Opcionales para quienes lo necesiten<\/li><\/ul><p>Los servicios se pueden contratar de manera mensual, diaria o eventual, adapt\u00e1ndonos a tus necesidades.<\/p><\/div>\n\t\t\t\t<\/div>\n\t\t\t\t<\/div>\n\t\t\t\t<div class=\"elementor-element elementor-element-4ff2726 elementor-widget elementor-widget-spacer\" data-id=\"4ff2726\" data-element_type=\"widget\" data-widget_type=\"spacer.default\">\n\t\t\t\t<div class=\"elementor-widget-container\">\n\t\t\t\t\t<div class=\"elementor-spacer\">\n\t\t\t<div class=\"elementor-spacer-inner\"><\/div>\n\t\t<\/div>\n\t\t\t\t<\/div>\n\t\t\t\t<\/div>\n\t\t\t\t\t\t<\/div>\n\t\t\t\t\t<\/div>\n\t\t<\/div>\n\t\t\t\t<div class=\"elementor-column elementor-col-50 elementor-top-column elementor-element elementor-element-2fd5bfd\" data-id=\"2fd5bfd\" data-element_type=\"column\">\n\t\t\t<div class=\"elementor-column-wrap elementor-element-populated\">\n\t\t\t\t\t\t\t<div class=\"elementor-widget-wrap\">\n\t\t\t\t\t\t<div class=\"elementor-element elementor-element-82eeb99 elementor-widget elementor-widget-image\" data-id=\"82eeb99\" data-element_type=\"widget\" data-widget_type=\"image.default\">\n\t\t\t\t<div class=\"elementor-widget-container\">\n\t\t\t\t\t<div class=\"elementor-image\">\n\t\t\t\t\t\t\t\t\t\t<img loading=\"lazy\" decoding=\"async\" width=\"640\" height=\"362\" src=\"https:\/\/jardinboticceli.com\/wp-content\/uploads\/2024\/12\/Servicio-de-alimentacion-1024x579.jpg\" class=\"attachment-large size-large\" alt=\"\" srcset=\"https:\/\/jardinboticceli.com\/wp-content\/uploads\/2024\/12\/Servicio-de-alimentacion-1024x579.jpg 1024w, https:\/\/jardinboticceli.com\/wp-content\/uploads\/2024\/12\/Servicio-de-alimentacion-300x170.jpg 300w, https:\/\/jardinboticceli.com\/wp-content\/uploads\/2024\/12\/Servicio-de-alimentacion-768x434.jpg 768w, https:\/\/jardinboticceli.com\/wp-content\/uploads\/2024\/12\/Servicio-de-alimentacion-600x339.jpg 600w, https:\/\/jardinboticceli.com\/wp-content\/uploads\/2024\/12\/Servicio-de-alimentacion.jpg 1472w\" sizes=\"auto, (max-width: 640px) 100vw, 640px\" \/>\t\t\t\t\t\t\t\t\t\t\t<\/div>\n\t\t\t\t<\/div>\n\t\t\t\t<\/div>\n\t\t\t\t\t\t<\/div>\n\t\t\t\t\t<\/div>\n\t\t<\/div>\n\t\t\t\t\t\t\t\t<\/div>\n\t\t\t\t\t<\/div>\n\t\t<\/section>\n\t\t\t\t<section class=\"elementor-section elementor-top-section elementor-element elementor-element-ec40ed9 elementor-section-boxed elementor-section-height-default elementor-section-height-default\" data-id=\"ec40ed9\" data-element_type=\"section\">\n\t\t\t\t\t\t<div class=\"elementor-container elementor-column-gap-default\">\n\t\t\t\t\t\t\t<div class=\"elementor-row\">\n\t\t\t\t\t<div class=\"elementor-column elementor-col-50 elementor-top-column elementor-element elementor-element-78d59f7\" data-id=\"78d59f7\" data-element_type=\"column\">\n\t\t\t<div class=\"elementor-column-wrap elementor-element-populated\">\n\t\t\t\t\t\t\t<div class=\"elementor-widget-wrap\">\n\t\t\t\t\t\t<div class=\"elementor-element elementor-element-0f5fe76 elementor-widget elementor-widget-image\" data-id=\"0f5fe76\" data-element_type=\"widget\" data-widget_type=\"image.default\">\n\t\t\t\t<div class=\"elementor-widget-container\">\n\t\t\t\t\t<div class=\"elementor-image\">\n\t\t\t\t\t\t\t\t\t\t<img loading=\"lazy\" decoding=\"async\" width=\"640\" height=\"362\" src=\"https:\/\/jardinboticceli.com\/wp-content\/uploads\/2024\/12\/Transporte-escolar-1024x579.jpg\" class=\"attachment-large size-large\" alt=\"\" srcset=\"https:\/\/jardinboticceli.com\/wp-content\/uploads\/2024\/12\/Transporte-escolar-1024x579.jpg 1024w, https:\/\/jardinboticceli.com\/wp-content\/uploads\/2024\/12\/Transporte-escolar-300x170.jpg 300w, https:\/\/jardinboticceli.com\/wp-content\/uploads\/2024\/12\/Transporte-escolar-768x434.jpg 768w, https:\/\/jardinboticceli.com\/wp-content\/uploads\/2024\/12\/Transporte-escolar-600x339.jpg 600w, https:\/\/jardinboticceli.com\/wp-content\/uploads\/2024\/12\/Transporte-escolar.jpg 1472w\" sizes=\"auto, (max-width: 640px) 100vw, 640px\" \/>\t\t\t\t\t\t\t\t\t\t\t<\/div>\n\t\t\t\t<\/div>\n\t\t\t\t<\/div>\n\t\t\t\t<div class=\"elementor-element elementor-element-9239d23 elementor-widget elementor-widget-spacer\" data-id=\"9239d23\" data-element_type=\"widget\" data-widget_type=\"spacer.default\">\n\t\t\t\t<div class=\"elementor-widget-container\">\n\t\t\t\t\t<div class=\"elementor-spacer\">\n\t\t\t<div class=\"elementor-spacer-inner\"><\/div>\n\t\t<\/div>\n\t\t\t\t<\/div>\n\t\t\t\t<\/div>\n\t\t\t\t\t\t<\/div>\n\t\t\t\t\t<\/div>\n\t\t<\/div>\n\t\t\t\t<div class=\"elementor-column elementor-col-50 elementor-top-column elementor-element elementor-element-54894f8\" data-id=\"54894f8\" data-element_type=\"column\">\n\t\t\t<div class=\"elementor-column-wrap elementor-element-populated\">\n\t\t\t\t\t\t\t<div class=\"elementor-widget-wrap\">\n\t\t\t\t\t\t<div class=\"elementor-element elementor-element-109f559 elementor-widget elementor-widget-text-editor\" data-id=\"109f559\" data-element_type=\"widget\" data-widget_type=\"text-editor.default\">\n\t\t\t\t<div class=\"elementor-widget-container\">\n\t\t\t\t\t<div class=\"elementor-text-editor elementor-clearfix\"><h3><span style=\"font-size: 18pt;\"><strong>TRANSPORTE ESCOLAR<\/strong><\/span><\/h3><p>Aunque no prestamos el servicio directamente, contamos con un operador confiable, con monitora de ruta, que ha trabajado con nosotros durante varios a\u00f1os. Realizamos todas las revisiones de documentaci\u00f3n exigidas por la normatividad para garantizar la seguridad de los ni\u00f1os. El servicio se programa seg\u00fan la demanda y el pago se realiza directamente al operador.<\/p><\/div>\n\t\t\t\t<\/div>\n\t\t\t\t<\/div>\n\t\t\t\t\t\t<\/div>\n\t\t\t\t\t<\/div>\n\t\t<\/div>\n\t\t\t\t\t\t\t\t<\/div>\n\t\t\t\t\t<\/div>\n\t\t<\/section>\n\t\t\t\t<section class=\"elementor-section elementor-top-section elementor-element elementor-element-40f033b elementor-section-boxed elementor-section-height-default elementor-section-height-default\" data-id=\"40f033b\" data-element_type=\"section\">\n\t\t\t\t\t\t<div class=\"elementor-container elementor-column-gap-default\">\n\t\t\t\t\t\t\t<div class=\"elementor-row\">\n\t\t\t\t\t<div class=\"elementor-column elementor-col-50 elementor-top-column elementor-element elementor-element-34635a9\" data-id=\"34635a9\" data-element_type=\"column\">\n\t\t\t<div class=\"elementor-column-wrap elementor-element-populated\">\n\t\t\t\t\t\t\t<div class=\"elementor-widget-wrap\">\n\t\t\t\t\t\t<div class=\"elementor-element elementor-element-6f1c1e8 elementor-widget elementor-widget-text-editor\" data-id=\"6f1c1e8\" data-element_type=\"widget\" data-widget_type=\"text-editor.default\">\n\t\t\t\t<div class=\"elementor-widget-container\">\n\t\t\t\t\t<div class=\"elementor-text-editor elementor-clearfix\"><h3><strong>Equipo de Bienestar<\/strong><\/h3><p>Tu hijo estar\u00e1 bajo el cuidado de profesionales comprometidos con su desarrollo:<\/p><ul><li><strong>Nutricionista o Enfermera:<\/strong> Realizan seguimiento al esquema de vacunaci\u00f3n, control de talla y peso, y dise\u00f1an men\u00fas saludables.<\/li><li><strong>Educadora Especial:<\/strong> Brinda atenci\u00f3n personalizada a ni\u00f1os que requieran apoyo adicional, fortaleciendo su aprendizaje y desarrollo. Su presencia asegura que cada ni\u00f1o reciba lo que necesita para alcanzar su m\u00e1ximo potencial.<\/li><\/ul><\/div>\n\t\t\t\t<\/div>\n\t\t\t\t<\/div>\n\t\t\t\t\t\t<\/div>\n\t\t\t\t\t<\/div>\n\t\t<\/div>\n\t\t\t\t<div class=\"elementor-column elementor-col-50 elementor-top-column elementor-element elementor-element-b8c7c19\" data-id=\"b8c7c19\" data-element_type=\"column\">\n\t\t\t<div class=\"elementor-column-wrap elementor-element-populated\">\n\t\t\t\t\t\t\t<div class=\"elementor-widget-wrap\">\n\t\t\t\t\t\t<div class=\"elementor-element elementor-element-6904292 elementor-widget elementor-widget-image\" data-id=\"6904292\" data-element_type=\"widget\" data-widget_type=\"image.default\">\n\t\t\t\t<div class=\"elementor-widget-container\">\n\t\t\t\t\t<div class=\"elementor-image\">\n\t\t\t\t\t\t\t\t\t\t<img loading=\"lazy\" decoding=\"async\" width=\"640\" height=\"362\" src=\"https:\/\/jardinboticceli.com\/wp-content\/uploads\/2024\/12\/Equipo-de-bienestar-1024x579.jpg\" class=\"attachment-large size-large\" alt=\"\" srcset=\"https:\/\/jardinboticceli.com\/wp-content\/uploads\/2024\/12\/Equipo-de-bienestar-1024x579.jpg 1024w, https:\/\/jardinboticceli.com\/wp-content\/uploads\/2024\/12\/Equipo-de-bienestar-300x170.jpg 300w, https:\/\/jardinboticceli.com\/wp-content\/uploads\/2024\/12\/Equipo-de-bienestar-768x434.jpg 768w, https:\/\/jardinboticceli.com\/wp-content\/uploads\/2024\/12\/Equipo-de-bienestar-600x339.jpg 600w, https:\/\/jardinboticceli.com\/wp-content\/uploads\/2024\/12\/Equipo-de-bienestar.jpg 1472w\" sizes=\"auto, (max-width: 640px) 100vw, 640px\" \/>\t\t\t\t\t\t\t\t\t\t\t<\/div>\n\t\t\t\t<\/div>\n\t\t\t\t<\/div>\n\t\t\t\t<div class=\"elementor-element elementor-element-661c789 elementor-widget elementor-widget-spacer\" data-id=\"661c789\" data-element_type=\"widget\" data-widget_type=\"spacer.default\">\n\t\t\t\t<div class=\"elementor-widget-container\">\n\t\t\t\t\t<div class=\"elementor-spacer\">\n\t\t\t<div class=\"elementor-spacer-inner\"><\/div>\n\t\t<\/div>\n\t\t\t\t<\/div>\n\t\t\t\t<\/div>\n\t\t\t\t\t\t<\/div>\n\t\t\t\t\t<\/div>\n\t\t<\/div>\n\t\t\t\t\t\t\t\t<\/div>\n\t\t\t\t\t<\/div>\n\t\t<\/section>\n\t\t\t\t<section class=\"elementor-section elementor-top-section elementor-element elementor-element-ba44045 elementor-section-boxed elementor-section-height-default elementor-section-height-default\" data-id=\"ba44045\" data-element_type=\"section\">\n\t\t\t\t\t\t<div class=\"elementor-container elementor-column-gap-default\">\n\t\t\t\t\t\t\t<div class=\"elementor-row\">\n\t\t\t\t\t<div class=\"elementor-column elementor-col-50 elementor-top-column elementor-element elementor-element-126e54f\" data-id=\"126e54f\" data-element_type=\"column\">\n\t\t\t<div class=\"elementor-column-wrap elementor-element-populated\">\n\t\t\t\t\t\t\t<div class=\"elementor-widget-wrap\">\n\t\t\t\t\t\t<div class=\"elementor-element elementor-element-db9b801 elementor-widget elementor-widget-image\" data-id=\"db9b801\" data-element_type=\"widget\" data-widget_type=\"image.default\">\n\t\t\t\t<div class=\"elementor-widget-container\">\n\t\t\t\t\t<div class=\"elementor-image\">\n\t\t\t\t\t\t\t\t\t\t<img loading=\"lazy\" decoding=\"async\" width=\"640\" height=\"362\" src=\"https:\/\/jardinboticceli.com\/wp-content\/uploads\/2024\/12\/Actividades-extracurriculares-1024x579.jpg\" class=\"attachment-large size-large\" alt=\"\" srcset=\"https:\/\/jardinboticceli.com\/wp-content\/uploads\/2024\/12\/Actividades-extracurriculares-1024x579.jpg 1024w, https:\/\/jardinboticceli.com\/wp-content\/uploads\/2024\/12\/Actividades-extracurriculares-300x170.jpg 300w, https:\/\/jardinboticceli.com\/wp-content\/uploads\/2024\/12\/Actividades-extracurriculares-768x434.jpg 768w, https:\/\/jardinboticceli.com\/wp-content\/uploads\/2024\/12\/Actividades-extracurriculares-600x339.jpg 600w, https:\/\/jardinboticceli.com\/wp-content\/uploads\/2024\/12\/Actividades-extracurriculares.jpg 1472w\" sizes=\"auto, (max-width: 640px) 100vw, 640px\" \/>\t\t\t\t\t\t\t\t\t\t\t<\/div>\n\t\t\t\t<\/div>\n\t\t\t\t<\/div>\n\t\t\t\t\t\t<\/div>\n\t\t\t\t\t<\/div>\n\t\t<\/div>\n\t\t\t\t<div class=\"elementor-column elementor-col-50 elementor-top-column elementor-element elementor-element-661f139\" data-id=\"661f139\" data-element_type=\"column\">\n\t\t\t<div class=\"elementor-column-wrap elementor-element-populated\">\n\t\t\t\t\t\t\t<div class=\"elementor-widget-wrap\">\n\t\t\t\t\t\t<div class=\"elementor-element elementor-element-4ef7e17 elementor-widget elementor-widget-text-editor\" data-id=\"4ef7e17\" data-element_type=\"widget\" data-widget_type=\"text-editor.default\">\n\t\t\t\t<div class=\"elementor-widget-container\">\n\t\t\t\t\t<div class=\"elementor-text-editor elementor-clearfix\"><h3><span style=\"font-size: 18pt;\"><strong>Actividades Extracurriculares<\/strong><\/span><\/h3><p>Tu hijo podr\u00e1 desarrollar nuevas habilidades en actividades como taekwondo, ballet, f\u00fatbol y baile, organizadas entre semana y en las instalaciones del jard\u00edn, si se re\u00fane el n\u00famero suficiente de ni\u00f1os. Adem\u00e1s, contamos con un convenio con una escuela de patinaje cercana para clases los s\u00e1bados.<\/p><p>En nuestro jard\u00edn, nos esforzamos por ofrecer servicios que complementen el aprendizaje, el desarrollo y la felicidad de los ni\u00f1os. \u00a1Aqu\u00ed siempre encontrar\u00e1s m\u00e1s que educaci\u00f3n!<\/p><\/div>\n\t\t\t\t<\/div>\n\t\t\t\t<\/div>\n\t\t\t\t<div class=\"elementor-element elementor-element-26c05ad elementor-widget elementor-widget-spacer\" data-id=\"26c05ad\" data-element_type=\"widget\" data-widget_type=\"spacer.default\">\n\t\t\t\t<div class=\"elementor-widget-container\">\n\t\t\t\t\t<div class=\"elementor-spacer\">\n\t\t\t<div class=\"elementor-spacer-inner\"><\/div>\n\t\t<\/div>\n\t\t\t\t<\/div>\n\t\t\t\t<\/div>\n\t\t\t\t\t\t<\/div>\n\t\t\t\t\t<\/div>\n\t\t<\/div>\n\t\t\t\t\t\t\t\t<\/div>\n\t\t\t\t\t<\/div>\n\t\t<\/section>\n\t\t\t\t<section class=\"elementor-section elementor-top-section elementor-element elementor-element-982f6d4 elementor-section-boxed elementor-section-height-default elementor-section-height-default\" data-id=\"982f6d4\" data-element_type=\"section\">\n\t\t\t\t\t\t<div class=\"elementor-container elementor-column-gap-default\">\n\t\t\t\t\t\t\t<div class=\"elementor-row\">\n\t\t\t\t\t<div class=\"elementor-column elementor-col-50 elementor-top-column elementor-element elementor-element-abb102a\" data-id=\"abb102a\" data-element_type=\"column\">\n\t\t\t<div class=\"elementor-column-wrap elementor-element-populated\">\n\t\t\t\t\t\t\t<div class=\"elementor-widget-wrap\">\n\t\t\t\t\t\t<div class=\"elementor-element elementor-element-5f4ca33 elementor-widget elementor-widget-text-editor\" data-id=\"5f4ca33\" data-element_type=\"widget\" data-widget_type=\"text-editor.default\">\n\t\t\t\t<div class=\"elementor-widget-container\">\n\t\t\t\t\t<div class=\"elementor-text-editor elementor-clearfix\"><h3><span style=\"font-size: 18pt;\"><strong>Fiestas Infantiles<\/strong><\/span><\/h3><p>Nuestras instalaciones est\u00e1n disponibles para celebrar fiestas infantiles seguras, divertidas y llenas de magia. Contamos con espacios dise\u00f1ados para minimizar riesgos y garantizar que los ni\u00f1os se diviertan mientras los padres disfrutan tranquilos.<\/p><p>Adem\u00e1s, ofrecemos medios audiovisuales y de sonido para animar las celebraciones, junto con facilidades para brindar alimentaci\u00f3n a los invitados. Organizamos un ambiente c\u00f3modo y pr\u00e1ctico, perfecto para crear momentos inolvidables con amigos y familiares. \u00a1Deja que nosotros pongamos el escenario para tus mejores recuerdos!<\/p><\/div>\n\t\t\t\t<\/div>\n\t\t\t\t<\/div>\n\t\t\t\t<div class=\"elementor-element elementor-element-fda8fde elementor-widget elementor-widget-spacer\" data-id=\"fda8fde\" data-element_type=\"widget\" data-widget_type=\"spacer.default\">\n\t\t\t\t<div class=\"elementor-widget-container\">\n\t\t\t\t\t<div class=\"elementor-spacer\">\n\t\t\t<div class=\"elementor-spacer-inner\"><\/div>\n\t\t<\/div>\n\t\t\t\t<\/div>\n\t\t\t\t<\/div>\n\t\t\t\t\t\t<\/div>\n\t\t\t\t\t<\/div>\n\t\t<\/div>\n\t\t\t\t<div class=\"elementor-column elementor-col-50 elementor-top-column elementor-element elementor-element-e377b1a\" data-id=\"e377b1a\" data-element_type=\"column\">\n\t\t\t<div class=\"elementor-column-wrap elementor-element-populated\">\n\t\t\t\t\t\t\t<div class=\"elementor-widget-wrap\">\n\t\t\t\t\t\t<div class=\"elementor-element elementor-element-5431f85 elementor-widget elementor-widget-image\" data-id=\"5431f85\" data-element_type=\"widget\" data-widget_type=\"image.default\">\n\t\t\t\t<div class=\"elementor-widget-container\">\n\t\t\t\t\t<div class=\"elementor-image\">\n\t\t\t\t\t\t\t\t\t\t<img loading=\"lazy\" decoding=\"async\" width=\"640\" height=\"362\" src=\"https:\/\/jardinboticceli.com\/wp-content\/uploads\/2024\/12\/Fiestas-infantiles-1024x579.jpg\" class=\"attachment-large size-large\" alt=\"\" srcset=\"https:\/\/jardinboticceli.com\/wp-content\/uploads\/2024\/12\/Fiestas-infantiles-1024x579.jpg 1024w, https:\/\/jardinboticceli.com\/wp-content\/uploads\/2024\/12\/Fiestas-infantiles-300x170.jpg 300w, https:\/\/jardinboticceli.com\/wp-content\/uploads\/2024\/12\/Fiestas-infantiles-768x434.jpg 768w, https:\/\/jardinboticceli.com\/wp-content\/uploads\/2024\/12\/Fiestas-infantiles-600x339.jpg 600w, https:\/\/jardinboticceli.com\/wp-content\/uploads\/2024\/12\/Fiestas-infantiles.jpg 1472w\" sizes=\"auto, (max-width: 640px) 100vw, 640px\" \/>\t\t\t\t\t\t\t\t\t\t\t<\/div>\n\t\t\t\t<\/div>\n\t\t\t\t<\/div>\n\t\t\t\t\t\t<\/div>\n\t\t\t\t\t<\/div>\n\t\t<\/div>\n\t\t\t\t\t\t\t\t<\/div>\n\t\t\t\t\t<\/div>\n\t\t<\/section>\n\t\t\t\t<section class=\"elementor-section elementor-top-section elementor-element elementor-element-724584a elementor-section-boxed elementor-section-height-default elementor-section-height-default\" data-id=\"724584a\" data-element_type=\"section\">\n\t\t\t\t\t\t<div class=\"elementor-container elementor-column-gap-default\">\n\t\t\t\t\t\t\t<div class=\"elementor-row\">\n\t\t\t\t\t<div class=\"elementor-column elementor-col-100 elementor-top-column elementor-element elementor-element-671caa2\" data-id=\"671caa2\" data-element_type=\"column\">\n\t\t\t<div class=\"elementor-column-wrap elementor-element-populated\">\n\t\t\t\t\t\t\t<div class=\"elementor-widget-wrap\">\n\t\t\t\t\t\t<div class=\"elementor-element elementor-element-5eedce1 elementor-button-info elementor-align-center elementor-widget elementor-widget-button\" data-id=\"5eedce1\" data-element_type=\"widget\" data-widget_type=\"button.default\">\n\t\t\t\t<div class=\"elementor-widget-container\">\n\t\t\t\t\t<div class=\"elementor-button-wrapper\">\n\t\t\t<a href=\"https:\/\/jardinboticceli.com\/index.php\" class=\"elementor-button-link elementor-button elementor-size-md\" role=\"button\">\n\t\t\t\t\t\t<span class=\"elementor-button-content-wrapper\">\n\t\t\t\t\t\t<span class=\"elementor-button-icon elementor-align-icon-left\">\n\t\t\t\t<i aria-hidden=\"true\" class=\"fas fa-arrow-circle-right\"><\/i>\t\t\t<\/span>\n\t\t\t\t\t\t<span class=\"elementor-button-text\">INICIO<\/span>\n\t\t<\/span>\n\t\t\t\t\t<\/a>\n\t\t<\/div>\n\t\t\t\t<\/div>\n\t\t\t\t<\/div>\n\t\t\t\t\t\t<\/div>\n\t\t\t\t\t<\/div>\n\t\t<\/div>\n\t\t\t\t\t\t\t\t<\/div>\n\t\t\t\t\t<\/div>\n\t\t<\/section>\n\t\t\t\t<section class=\"elementor-section elementor-top-section elementor-element elementor-element-60567a5 elementor-section-boxed elementor-section-height-default elementor-section-height-default\" data-id=\"60567a5\" data-element_type=\"section\">\n\t\t\t\t\t\t<div class=\"elementor-container elementor-column-gap-default\">\n\t\t\t\t\t\t\t<div class=\"elementor-row\">\n\t\t\t\t\t<div class=\"elementor-column elementor-col-100 elementor-top-column elementor-element elementor-element-e110572\" data-id=\"e110572\" data-element_type=\"column\">\n\t\t\t<div class=\"elementor-column-wrap\">\n\t\t\t\t\t\t\t<div class=\"elementor-widget-wrap\">\n\t\t\t\t\t\t\t\t<\/div>\n\t\t\t\t\t<\/div>\n\t\t<\/div>\n\t\t\t\t\t\t\t\t<\/div>\n\t\t\t\t\t<\/div>\n\t\t<\/section>\n\t\t\t\t\t\t<\/div>\n\t\t\t\t\t\t<\/div>\n\t\t\t\t\t<\/div>\n\t\t","protected":false},"excerpt":{"rendered":"<p>INICIO Servicios complementarios En nuestro jard\u00edn, entendemos que no todo es estudio ni juego libre. Por eso, ofrecemos servicios complementarios dise\u00f1ados para brindar bienestar y tranquilidad tanto a los ni\u00f1os como a sus familias. Descubre todo lo que tenemos para ti: SERVICIO DE ALIMENTACI\u00d3N Ofrecemos una alimentaci\u00f3n balanceada y deliciosa que encanta a los ni\u00f1os, <\/p>\n","protected":false},"author":1,"featured_media":0,"parent":0,"menu_order":0,"comment_status":"closed","ping_status":"closed","template":"","meta":{"footnotes":""},"class_list":["post-28","page","type-page","status-publish","hentry"],"_links":{"self":[{"href":"https:\/\/jardinboticceli.com\/index.php\/wp-json\/wp\/v2\/pages\/28","targetHints":{"allow":["GET"]}}],"collection":[{"href":"https:\/\/jardinboticceli.com\/index.php\/wp-json\/wp\/v2\/pages"}],"about":[{"href":"https:\/\/jardinboticceli.com\/index.php\/wp-json\/wp\/v2\/types\/page"}],"author":[{"embeddable":true,"href":"https:\/\/jardinboticceli.com\/index.php\/wp-json\/wp\/v2\/users\/1"}],"replies":[{"embeddable":true,"href":"https:\/\/jardinboticceli.com\/index.php\/wp-json\/wp\/v2\/comments?post=28"}],"version-history":[{"count":28,"href":"https:\/\/jardinboticceli.com\/index.php\/wp-json\/wp\/v2\/pages\/28\/revisions"}],"predecessor-version":[{"id":3564,"href":"https:\/\/jardinboticceli.com\/index.php\/wp-json\/wp\/v2\/pages\/28\/revisions\/3564"}],"wp:attachment":[{"href":"https:\/\/jardinboticceli.com\/index.php\/wp-json\/wp\/v2\/media?parent=28"}],"curies":[{"name":"wp","href":"https:\/\/api.w.org\/{rel}","templated":true}]}}