{"id":246,"date":"2020-05-06T08:34:14","date_gmt":"2020-05-06T08:34:14","guid":{"rendered":"https:\/\/themes.envytheme.com\/ecademy\/?page_id=246"},"modified":"2024-12-13T07:20:39","modified_gmt":"2024-12-13T12:20:39","slug":"contact","status":"publish","type":"page","link":"https:\/\/jardinboticceli.com\/index.php\/contact\/","title":{"rendered":"Cont\u00e1ctanos"},"content":{"rendered":"\t\t<div data-elementor-type=\"wp-page\" data-elementor-id=\"246\" class=\"elementor elementor-246\" data-elementor-settings=\"[]\">\n\t\t\t\t\t\t<div class=\"elementor-inner\">\n\t\t\t\t\t\t\t<div class=\"elementor-section-wrap\">\n\t\t\t\t\t\t\t<section class=\"elementor-section elementor-top-section elementor-element elementor-element-69603f7 elementor-section-boxed elementor-section-height-default elementor-section-height-default\" data-id=\"69603f7\" data-element_type=\"section\">\n\t\t\t\t\t\t<div class=\"elementor-container elementor-column-gap-default\">\n\t\t\t\t\t\t\t<div class=\"elementor-row\">\n\t\t\t\t\t<div class=\"elementor-column elementor-col-33 elementor-top-column elementor-element elementor-element-2032b4f\" data-id=\"2032b4f\" data-element_type=\"column\">\n\t\t\t<div class=\"elementor-column-wrap elementor-element-populated\">\n\t\t\t\t\t\t\t<div class=\"elementor-widget-wrap\">\n\t\t\t\t\t\t<div class=\"elementor-element elementor-element-afc0332 elementor-position-top elementor-vertical-align-top elementor-widget elementor-widget-image-box\" data-id=\"afc0332\" data-element_type=\"widget\" data-widget_type=\"image-box.default\">\n\t\t\t\t<div class=\"elementor-widget-container\">\n\t\t\t<div class=\"elementor-image-box-wrapper\"><figure class=\"elementor-image-box-img\"><img loading=\"lazy\" decoding=\"async\" width=\"640\" height=\"670\" src=\"https:\/\/jardinboticceli.com\/wp-content\/uploads\/2024\/12\/fachada-4-978x1024.jpg\" class=\"elementor-animation-float attachment-large size-large\" alt=\"\" srcset=\"https:\/\/jardinboticceli.com\/wp-content\/uploads\/2024\/12\/fachada-4-978x1024.jpg 978w, https:\/\/jardinboticceli.com\/wp-content\/uploads\/2024\/12\/fachada-4-286x300.jpg 286w, https:\/\/jardinboticceli.com\/wp-content\/uploads\/2024\/12\/fachada-4-768x804.jpg 768w, https:\/\/jardinboticceli.com\/wp-content\/uploads\/2024\/12\/fachada-4-1466x1536.jpg 1466w, https:\/\/jardinboticceli.com\/wp-content\/uploads\/2024\/12\/fachada-4-1955x2048.jpg 1955w, https:\/\/jardinboticceli.com\/wp-content\/uploads\/2024\/12\/fachada-4-600x628.jpg 600w\" sizes=\"auto, (max-width: 640px) 100vw, 640px\" \/><\/figure><div class=\"elementor-image-box-content\"><h3 class=\"elementor-image-box-title\">Direcci\u00f3n<\/h3><p class=\"elementor-image-box-description\">Calle 14 SUR  68-38 \nVilla Claudia  Sector Plaza de las Am\u00e9ricas<\/p><\/div><\/div>\t\t<\/div>\n\t\t\t\t<\/div>\n\t\t\t\t\t\t<\/div>\n\t\t\t\t\t<\/div>\n\t\t<\/div>\n\t\t\t\t<div class=\"elementor-column elementor-col-33 elementor-top-column elementor-element elementor-element-9d43ada\" data-id=\"9d43ada\" data-element_type=\"column\">\n\t\t\t<div class=\"elementor-column-wrap elementor-element-populated\">\n\t\t\t\t\t\t\t<div class=\"elementor-widget-wrap\">\n\t\t\t\t\t\t<div class=\"elementor-element elementor-element-4558252 elementor-position-top elementor-vertical-align-top elementor-widget elementor-widget-image-box\" data-id=\"4558252\" data-element_type=\"widget\" data-widget_type=\"image-box.default\">\n\t\t\t\t<div class=\"elementor-widget-container\">\n\t\t\t<div class=\"elementor-image-box-wrapper\"><figure class=\"elementor-image-box-img\"><img loading=\"lazy\" decoding=\"async\" width=\"1600\" height=\"1200\" src=\"https:\/\/jardinboticceli.com\/wp-content\/uploads\/2024\/12\/Fachada-2.jpg\" class=\"elementor-animation-float attachment-full size-full\" alt=\"\" srcset=\"https:\/\/jardinboticceli.com\/wp-content\/uploads\/2024\/12\/Fachada-2.jpg 1600w, https:\/\/jardinboticceli.com\/wp-content\/uploads\/2024\/12\/Fachada-2-300x225.jpg 300w, https:\/\/jardinboticceli.com\/wp-content\/uploads\/2024\/12\/Fachada-2-1024x768.jpg 1024w, https:\/\/jardinboticceli.com\/wp-content\/uploads\/2024\/12\/Fachada-2-768x576.jpg 768w, https:\/\/jardinboticceli.com\/wp-content\/uploads\/2024\/12\/Fachada-2-1536x1152.jpg 1536w, https:\/\/jardinboticceli.com\/wp-content\/uploads\/2024\/12\/Fachada-2-600x450.jpg 600w\" sizes=\"auto, (max-width: 1600px) 100vw, 1600px\" \/><\/figure><div class=\"elementor-image-box-content\"><h3 class=\"elementor-image-box-title\">Tel\u00e9fono de Contacto<\/h3><p class=\"elementor-image-box-description\">302 668 15 69<\/p><\/div><\/div>\t\t<\/div>\n\t\t\t\t<\/div>\n\t\t\t\t\t\t<\/div>\n\t\t\t\t\t<\/div>\n\t\t<\/div>\n\t\t\t\t<div class=\"elementor-column elementor-col-33 elementor-top-column elementor-element elementor-element-1931954\" data-id=\"1931954\" data-element_type=\"column\">\n\t\t\t<div class=\"elementor-column-wrap elementor-element-populated\">\n\t\t\t\t\t\t\t<div class=\"elementor-widget-wrap\">\n\t\t\t\t\t\t<div class=\"elementor-element elementor-element-52f78f7 elementor-position-top elementor-vertical-align-top elementor-widget elementor-widget-image-box\" data-id=\"52f78f7\" data-element_type=\"widget\" data-widget_type=\"image-box.default\">\n\t\t\t\t<div class=\"elementor-widget-container\">\n\t\t\t<div class=\"elementor-image-box-wrapper\"><figure class=\"elementor-image-box-img\"><img loading=\"lazy\" decoding=\"async\" width=\"381\" height=\"353\" src=\"https:\/\/jardinboticceli.com\/wp-content\/uploads\/2024\/12\/ninos-boticceli-paginaweb-4.png\" class=\"elementor-animation-float attachment-full size-full\" alt=\"\" srcset=\"https:\/\/jardinboticceli.com\/wp-content\/uploads\/2024\/12\/ninos-boticceli-paginaweb-4.png 381w, https:\/\/jardinboticceli.com\/wp-content\/uploads\/2024\/12\/ninos-boticceli-paginaweb-4-300x278.png 300w\" sizes=\"auto, (max-width: 381px) 100vw, 381px\" \/><\/figure><div class=\"elementor-image-box-content\"><h3 class=\"elementor-image-box-title\">Correo<\/h3><p class=\"elementor-image-box-description\">pedagogicaboticceli@gmail.com<\/p><\/div><\/div>\t\t<\/div>\n\t\t\t\t<\/div>\n\t\t\t\t\t\t<\/div>\n\t\t\t\t\t<\/div>\n\t\t<\/div>\n\t\t\t\t\t\t\t\t<\/div>\n\t\t\t\t\t<\/div>\n\t\t<\/section>\n\t\t\t\t<section class=\"elementor-section elementor-top-section elementor-element elementor-element-c3ca968 elementor-section-boxed elementor-section-height-default elementor-section-height-default\" data-id=\"c3ca968\" data-element_type=\"section\">\n\t\t\t\t\t\t<div class=\"elementor-container elementor-column-gap-default\">\n\t\t\t\t\t\t\t<div class=\"elementor-row\">\n\t\t\t\t\t<div class=\"elementor-column elementor-col-100 elementor-top-column elementor-element elementor-element-5c71e2a\" data-id=\"5c71e2a\" data-element_type=\"column\">\n\t\t\t<div class=\"elementor-column-wrap elementor-element-populated\">\n\t\t\t\t\t\t\t<div class=\"elementor-widget-wrap\">\n\t\t\t\t\t\t<div class=\"elementor-element elementor-element-79817a7 elementor-widget elementor-widget-spacer\" data-id=\"79817a7\" data-element_type=\"widget\" data-widget_type=\"spacer.default\">\n\t\t\t\t<div class=\"elementor-widget-container\">\n\t\t\t\t\t<div class=\"elementor-spacer\">\n\t\t\t<div class=\"elementor-spacer-inner\"><\/div>\n\t\t<\/div>\n\t\t\t\t<\/div>\n\t\t\t\t<\/div>\n\t\t\t\t<div class=\"elementor-element elementor-element-93bc1aa elementor-widget elementor-widget-heading\" data-id=\"93bc1aa\" data-element_type=\"widget\" data-widget_type=\"heading.default\">\n\t\t\t\t<div class=\"elementor-widget-container\">\n\t\t\t<h2 class=\"elementor-heading-title elementor-size-xl\">V\u00cdDEO DE LAS INSTALACIONES<\/h2>\t\t<\/div>\n\t\t\t\t<\/div>\n\t\t\t\t<div class=\"elementor-element elementor-element-b827384 elementor-aspect-ratio-169 elementor-widget elementor-widget-video\" data-id=\"b827384\" data-element_type=\"widget\" data-settings=\"{&quot;aspect_ratio&quot;:&quot;169&quot;}\" data-widget_type=\"video.default\">\n\t\t\t\t<div class=\"elementor-widget-container\">\n\t\t\t\t\t<div class=\"elementor-wrapper elementor-fit-aspect-ratio elementor-open-inline\">\n\t\t\t\t\t<video class=\"elementor-video\" src=\"https:\/\/jardinboticceli.com\/wp-content\/uploads\/2024\/12\/Video-de-boticceli.mp4\" controls=\"\" controlsList=\"nodownload\"><\/video>\n\t\t\t\t<\/div>\n\t\t\t\t<\/div>\n\t\t\t\t<\/div>\n\t\t\t\t\t\t<\/div>\n\t\t\t\t\t<\/div>\n\t\t<\/div>\n\t\t\t\t\t\t\t\t<\/div>\n\t\t\t\t\t<\/div>\n\t\t<\/section>\n\t\t\t\t<section class=\"elementor-section elementor-top-section elementor-element elementor-element-b3c29ea elementor-section-boxed elementor-section-height-default elementor-section-height-default\" data-id=\"b3c29ea\" data-element_type=\"section\">\n\t\t\t\t\t\t<div class=\"elementor-container elementor-column-gap-default\">\n\t\t\t\t\t\t\t<div class=\"elementor-row\">\n\t\t\t\t\t<div class=\"elementor-column elementor-col-100 elementor-top-column elementor-element elementor-element-ca6dd3c\" data-id=\"ca6dd3c\" data-element_type=\"column\">\n\t\t\t<div class=\"elementor-column-wrap elementor-element-populated\">\n\t\t\t\t\t\t\t<div class=\"elementor-widget-wrap\">\n\t\t\t\t\t\t<div class=\"elementor-element elementor-element-1dfede7 elementor-widget elementor-widget-spacer\" data-id=\"1dfede7\" data-element_type=\"widget\" data-widget_type=\"spacer.default\">\n\t\t\t\t<div class=\"elementor-widget-container\">\n\t\t\t\t\t<div class=\"elementor-spacer\">\n\t\t\t<div class=\"elementor-spacer-inner\"><\/div>\n\t\t<\/div>\n\t\t\t\t<\/div>\n\t\t\t\t<\/div>\n\t\t\t\t<div class=\"elementor-element elementor-element-50fce85 elementor-widget elementor-widget-google_maps\" data-id=\"50fce85\" data-element_type=\"widget\" data-widget_type=\"google_maps.default\">\n\t\t\t\t<div class=\"elementor-widget-container\">\n\t\t\t<div class=\"elementor-custom-embed\"><iframe frameborder=\"0\" scrolling=\"no\" marginheight=\"0\" marginwidth=\"0\" src=\"https:\/\/maps.google.com\/maps?q=Calle%2014%20Sur%2068-38%2C%20bogot%C3%A1%2C%20colombia&amp;t=m&amp;z=18&amp;output=embed&amp;iwloc=near\" title=\"Calle 14 Sur 68-38, bogot\u00e1, colombia\" aria-label=\"Calle 14 Sur 68-38, bogot\u00e1, colombia\"><\/iframe><\/div>\t\t<\/div>\n\t\t\t\t<\/div>\n\t\t\t\t\t\t<\/div>\n\t\t\t\t\t<\/div>\n\t\t<\/div>\n\t\t\t\t\t\t\t\t<\/div>\n\t\t\t\t\t<\/div>\n\t\t<\/section>\n\t\t\t\t<section class=\"elementor-section elementor-top-section elementor-element elementor-element-0e12697 elementor-section-boxed elementor-section-height-default elementor-section-height-default\" data-id=\"0e12697\" data-element_type=\"section\">\n\t\t\t\t\t\t<div class=\"elementor-container elementor-column-gap-default\">\n\t\t\t\t\t\t\t<div class=\"elementor-row\">\n\t\t\t\t\t<div class=\"elementor-column elementor-col-100 elementor-top-column elementor-element elementor-element-9c311a0\" data-id=\"9c311a0\" data-element_type=\"column\">\n\t\t\t<div class=\"elementor-column-wrap elementor-element-populated\">\n\t\t\t\t\t\t\t<div class=\"elementor-widget-wrap\">\n\t\t\t\t\t\t<div class=\"elementor-element elementor-element-4752f33 elementor-button-info elementor-align-justify elementor-widget elementor-widget-button\" data-id=\"4752f33\" data-element_type=\"widget\" data-widget_type=\"button.default\">\n\t\t\t\t<div class=\"elementor-widget-container\">\n\t\t\t\t\t<div class=\"elementor-button-wrapper\">\n\t\t\t<a href=\"https:\/\/www.google.com\/maps?q=Calle+14+sur+%2368-38,+Bogot\u00e1,+Colombia\" target=\"_blank\" rel=\"nofollow\" class=\"elementor-button-link elementor-button elementor-size-md elementor-animation-pulse-grow\" role=\"button\">\n\t\t\t\t\t\t<span class=\"elementor-button-content-wrapper\">\n\t\t\t\t\t\t<span class=\"elementor-button-icon elementor-align-icon-left\">\n\t\t\t\t<i aria-hidden=\"true\" class=\"fas fa-map-marked-alt\"><\/i>\t\t\t<\/span>\n\t\t\t\t\t\t<span class=\"elementor-button-text\">Abrir con Google Maps<\/span>\n\t\t<\/span>\n\t\t\t\t\t<\/a>\n\t\t<\/div>\n\t\t\t\t<\/div>\n\t\t\t\t<\/div>\n\t\t\t\t\t\t<\/div>\n\t\t\t\t\t<\/div>\n\t\t<\/div>\n\t\t\t\t\t\t\t\t<\/div>\n\t\t\t\t\t<\/div>\n\t\t<\/section>\n\t\t\t\t<section class=\"elementor-section elementor-top-section elementor-element elementor-element-7091878 elementor-section-boxed elementor-section-height-default elementor-section-height-default\" data-id=\"7091878\" data-element_type=\"section\">\n\t\t\t\t\t\t<div class=\"elementor-container elementor-column-gap-default\">\n\t\t\t\t\t\t\t<div class=\"elementor-row\">\n\t\t\t\t\t<div class=\"elementor-column elementor-col-100 elementor-top-column elementor-element elementor-element-9d2d723\" data-id=\"9d2d723\" data-element_type=\"column\">\n\t\t\t<div class=\"elementor-column-wrap elementor-element-populated\">\n\t\t\t\t\t\t\t<div class=\"elementor-widget-wrap\">\n\t\t\t\t\t\t<div class=\"elementor-element elementor-element-60b5549 elementor-button-info elementor-align-justify elementor-widget elementor-widget-button\" data-id=\"60b5549\" data-element_type=\"widget\" data-widget_type=\"button.default\">\n\t\t\t\t<div class=\"elementor-widget-container\">\n\t\t\t\t\t<div class=\"elementor-button-wrapper\">\n\t\t\t<a href=\"https:\/\/waze.com\/ul?q=Calle+14+sur+%2368-38,+Bogot\u00e1,+Colombia\" target=\"_blank\" rel=\"nofollow\" class=\"elementor-button-link elementor-button elementor-size-md elementor-animation-pulse-grow\" role=\"button\">\n\t\t\t\t\t\t<span class=\"elementor-button-content-wrapper\">\n\t\t\t\t\t\t<span class=\"elementor-button-icon elementor-align-icon-left\">\n\t\t\t\t<i aria-hidden=\"true\" class=\"fab fa-waze\"><\/i>\t\t\t<\/span>\n\t\t\t\t\t\t<span class=\"elementor-button-text\">Abrir con Waze<\/span>\n\t\t<\/span>\n\t\t\t\t\t<\/a>\n\t\t<\/div>\n\t\t\t\t<\/div>\n\t\t\t\t<\/div>\n\t\t\t\t\t\t<\/div>\n\t\t\t\t\t<\/div>\n\t\t<\/div>\n\t\t\t\t\t\t\t\t<\/div>\n\t\t\t\t\t<\/div>\n\t\t<\/section>\n\t\t\t\t\t\t<\/div>\n\t\t\t\t\t\t<\/div>\n\t\t\t\t\t<\/div>\n\t\t","protected":false},"excerpt":{"rendered":"<p>Direcci\u00f3n Calle 14 SUR 68-38 Villa Claudia Sector Plaza de las Am\u00e9ricas Tel\u00e9fono de Contacto 302 668 15 69 Correo pedagogicaboticceli@gmail.com V\u00cdDEO DE LAS INSTALACIONES https:\/\/jardinboticceli.com\/wp-content\/uploads\/2024\/12\/Video-de-boticceli.mp4 Abrir con Google Maps Abrir con Waze<\/p>\n","protected":false},"author":1,"featured_media":0,"parent":0,"menu_order":0,"comment_status":"closed","ping_status":"closed","template":"","meta":{"footnotes":""},"class_list":["post-246","page","type-page","status-publish","hentry"],"_links":{"self":[{"href":"https:\/\/jardinboticceli.com\/index.php\/wp-json\/wp\/v2\/pages\/246","targetHints":{"allow":["GET"]}}],"collection":[{"href":"https:\/\/jardinboticceli.com\/index.php\/wp-json\/wp\/v2\/pages"}],"about":[{"href":"https:\/\/jardinboticceli.com\/index.php\/wp-json\/wp\/v2\/types\/page"}],"author":[{"embeddable":true,"href":"https:\/\/jardinboticceli.com\/index.php\/wp-json\/wp\/v2\/users\/1"}],"replies":[{"embeddable":true,"href":"https:\/\/jardinboticceli.com\/index.php\/wp-json\/wp\/v2\/comments?post=246"}],"version-history":[{"count":47,"href":"https:\/\/jardinboticceli.com\/index.php\/wp-json\/wp\/v2\/pages\/246\/revisions"}],"predecessor-version":[{"id":3524,"href":"https:\/\/jardinboticceli.com\/index.php\/wp-json\/wp\/v2\/pages\/246\/revisions\/3524"}],"wp:attachment":[{"href":"https:\/\/jardinboticceli.com\/index.php\/wp-json\/wp\/v2\/media?parent=246"}],"curies":[{"name":"wp","href":"https:\/\/api.w.org\/{rel}","templated":true}]}}