{"id":1207,"date":"2020-06-02T19:33:24","date_gmt":"2020-06-02T19:33:24","guid":{"rendered":"https:\/\/themes.envytheme.com\/ecademy\/?page_id=1207"},"modified":"2023-01-16T22:40:44","modified_gmt":"2023-01-16T22:40:44","slug":"about-us-2","status":"publish","type":"page","link":"https:\/\/jardinboticceli.com\/index.php\/about-us-2\/","title":{"rendered":"\u00a1Nos Posicionamos en el Tercer lugar!"},"content":{"rendered":"\t\t<div data-elementor-type=\"wp-page\" data-elementor-id=\"1207\" class=\"elementor elementor-1207\" data-elementor-settings=\"[]\">\n\t\t\t\t\t\t<div class=\"elementor-inner\">\n\t\t\t\t\t\t\t<div class=\"elementor-section-wrap\">\n\t\t\t\t\t\t\t<section class=\"elementor-section elementor-top-section elementor-element elementor-element-6fc69cb elementor-section-full_width elementor-section-height-default elementor-section-height-default\" data-id=\"6fc69cb\" data-element_type=\"section\">\n\t\t\t\t\t\t<div class=\"elementor-container elementor-column-gap-no\">\n\t\t\t\t\t\t\t<div class=\"elementor-row\">\n\t\t\t\t\t<div class=\"elementor-column elementor-col-100 elementor-top-column elementor-element elementor-element-fc41672\" data-id=\"fc41672\" data-element_type=\"column\">\n\t\t\t<div class=\"elementor-column-wrap elementor-element-populated\">\n\t\t\t\t\t\t\t<div class=\"elementor-widget-wrap\">\n\t\t\t\t\t\t<div class=\"elementor-element elementor-element-e822fef elementor-widget elementor-widget-About_Area\" data-id=\"e822fef\" data-element_type=\"widget\" data-widget_type=\"About_Area.default\">\n\t\t\t\t<div class=\"elementor-widget-container\">\n\t\t\t        <div class=\"about-area-two bg-fffaf3 pt-70 pb-100\">\r\n            <div class=\"container\">\r\n                <div class=\"row align-items-center\">\r\n                    <div class=\"col-lg-5 col-md-12\">\r\n                        <div class=\"about-content-box\">\r\n                            <span class=\"sub-title\">Ente Regulador<\/span>\r\n                            <h2>Secretaria Distrital de Integraci\u00f3n Social<\/h2>\r\n                            <p>El ente que nos realiza inspecci\u00f3n y vigilancia a los jardines infantiles privados de Bogot\u00e1 es la Secretaria Distrital de Integraci\u00f3n Social, subdirecci\u00f3n de infancia y Adolescencia.\nEn Kennedy somos 304 Jardines Infantiles Privados activos al mes de noviembre del a\u00f1o 2019. De los cuales 230 Jardines, est\u00e1n siendo vigilados por la SDIS.<\/p>\r\n                            <p><strong>Somos el tercer mejor jard\u00edn de Kennedy, alcanzando una puntuaci\u00f3n del 93,5% y llegando al tercer lugar como el jard\u00edn infantil que cumple con todos los Lineamientos y Est\u00e1ndares.<\/strong><\/p>\r\n\r\n                                                    <\/div>\r\n                    <\/div>\r\n\r\n                    <div class=\"col-lg-7 col-md-12\">\r\n                        <div class=\"about-video-box\">\r\n                        \r\n                                                            <div class=\"image\">\r\n                                                                            <img sm-src=\"https:\/\/jardinboticceli.com\/wp-content\/uploads\/2023\/01\/RESOLUCION-2859-REI-BOTICCELI_Pagina_5.jpg\" alt=\"About Us\"\/>\r\n                                                                    <\/div>\r\n                            \r\n                                                        \r\n                                                            <div class=\"shape10\" data-speed=\"0.06\" data-revert=\"true\">\r\n                                                                            <img sm-src=\"https:\/\/themes.envytheme.com\/ecademy\/wp-content\/uploads\/2020\/05\/shape9-1.png\" alt=\"shape image\"\/>\r\n                                                                    <\/div>\r\n                                                    <\/div>\r\n                    <\/div>\r\n                <\/div>\r\n            <\/div>\r\n\r\n            <div class=\"divider\"><\/div>\r\n                            <div class=\"shape3\" data-speed=\"0.06\" data-revert=\"true\">\r\n                                            <img sm-src=\"https:\/\/jardinboticceli.com\/wp-content\/uploads\/2020\/11\/f9-1.png\" alt=\"shape image\"\/>\r\n                                    <\/div>\r\n                        \r\n                            <div class=\"shape4\" data-speed=\"0.06\" data-revert=\"true\">\r\n                                            <img sm-src=\"https:\/\/themes.envytheme.com\/ecademy\/wp-content\/uploads\/2020\/05\/shape4-1.png\" alt=\"shape image\"\/>\r\n                                    <\/div>\r\n                                        <div class=\"shape2\" data-speed=\"0.06\" data-revert=\"true\">\r\n                                            <img sm-src=\"https:\/\/themes.envytheme.com\/ecademy\/wp-content\/uploads\/2020\/05\/shape2-1.png\" alt=\"shape image\"\/>\r\n                                    <\/div>\r\n                    <\/div>   \r\n        \t\t<\/div>\n\t\t\t\t<\/div>\n\t\t\t\t<div class=\"elementor-element elementor-element-86c5deb elementor-button-danger elementor-align-center elementor-widget elementor-widget-button\" data-id=\"86c5deb\" data-element_type=\"widget\" data-widget_type=\"button.default\">\n\t\t\t\t<div class=\"elementor-widget-container\">\n\t\t\t\t\t<div class=\"elementor-button-wrapper\">\n\t\t\t<a href=\"https:\/\/www.integracionsocial.gov.co\/index.php\" target=\"_blank\" class=\"elementor-button-link elementor-button elementor-size-lg\" role=\"button\">\n\t\t\t\t\t\t<span class=\"elementor-button-content-wrapper\">\n\t\t\t\t\t\t<span class=\"elementor-button-icon elementor-align-icon-left\">\n\t\t\t\t<i aria-hidden=\"true\" class=\"far fa-hand-point-right\"><\/i>\t\t\t<\/span>\n\t\t\t\t\t\t<span class=\"elementor-button-text\">Conoce m\u00e1s sobre SDIS<\/span>\n\t\t<\/span>\n\t\t\t\t\t<\/a>\n\t\t<\/div>\n\t\t\t\t<\/div>\n\t\t\t\t<\/div>\n\t\t\t\t<div class=\"elementor-element elementor-element-47aa88f elementor-button-danger elementor-align-center elementor-widget elementor-widget-button\" data-id=\"47aa88f\" data-element_type=\"widget\" data-widget_type=\"button.default\">\n\t\t\t\t<div class=\"elementor-widget-container\">\n\t\t\t\t\t<div class=\"elementor-button-wrapper\">\n\t\t\t<a href=\"http:\/\/serviciossociales.integracionsocial.gov.co\/SIRSS\/adminVerBLOB?tabla=T_NORMATIVIDAD&#038;p_NORM_ID=542&#038;inputfileext=NORM_FILE_EXT&#038;f_NORM_FILE=X\" target=\"_blank\" class=\"elementor-button-link elementor-button elementor-size-lg\" role=\"button\">\n\t\t\t\t\t\t<span class=\"elementor-button-content-wrapper\">\n\t\t\t\t\t\t<span class=\"elementor-button-icon elementor-align-icon-left\">\n\t\t\t\t<i aria-hidden=\"true\" class=\"far fa-hand-point-right\"><\/i>\t\t\t<\/span>\n\t\t\t\t\t\t<span class=\"elementor-button-text\">Jardines con REI<\/span>\n\t\t<\/span>\n\t\t\t\t\t<\/a>\n\t\t<\/div>\n\t\t\t\t<\/div>\n\t\t\t\t<\/div>\n\t\t\t\t\t\t<\/div>\n\t\t\t\t\t<\/div>\n\t\t<\/div>\n\t\t\t\t\t\t\t\t<\/div>\n\t\t\t\t\t<\/div>\n\t\t<\/section>\n\t\t\t\t<section class=\"elementor-section elementor-top-section elementor-element elementor-element-8b57680 elementor-section-boxed elementor-section-height-default elementor-section-height-default\" data-id=\"8b57680\" data-element_type=\"section\">\n\t\t\t\t\t\t<div class=\"elementor-container elementor-column-gap-default\">\n\t\t\t\t\t\t\t<div class=\"elementor-row\">\n\t\t\t\t\t<div class=\"elementor-column elementor-col-25 elementor-top-column elementor-element elementor-element-537c547\" data-id=\"537c547\" data-element_type=\"column\">\n\t\t\t<div class=\"elementor-column-wrap elementor-element-populated\">\n\t\t\t\t\t\t\t<div class=\"elementor-widget-wrap\">\n\t\t\t\t\t\t<div class=\"elementor-element elementor-element-2f5c0fc elementor-widget elementor-widget-image\" data-id=\"2f5c0fc\" data-element_type=\"widget\" data-widget_type=\"image.default\">\n\t\t\t\t<div class=\"elementor-widget-container\">\n\t\t\t\t\t<div class=\"elementor-image\">\n\t\t\t\t\t\t\t\t\t\t<img loading=\"lazy\" decoding=\"async\" width=\"640\" height=\"640\" src=\"https:\/\/jardinboticceli.com\/wp-content\/uploads\/2020\/11\/f32-1024x1024.png\" class=\"attachment-large size-large\" alt=\"\" srcset=\"https:\/\/jardinboticceli.com\/wp-content\/uploads\/2020\/11\/f32.png 1024w, https:\/\/jardinboticceli.com\/wp-content\/uploads\/2020\/11\/f32-300x300.png 300w, https:\/\/jardinboticceli.com\/wp-content\/uploads\/2020\/11\/f32-150x150.png 150w, https:\/\/jardinboticceli.com\/wp-content\/uploads\/2020\/11\/f32-768x768.png 768w, https:\/\/jardinboticceli.com\/wp-content\/uploads\/2020\/11\/f32-400x400.png 400w, https:\/\/jardinboticceli.com\/wp-content\/uploads\/2020\/11\/f32-600x600.png 600w, https:\/\/jardinboticceli.com\/wp-content\/uploads\/2020\/11\/f32-100x100.png 100w\" sizes=\"auto, (max-width: 640px) 100vw, 640px\" \/>\t\t\t\t\t\t\t\t\t\t\t<\/div>\n\t\t\t\t<\/div>\n\t\t\t\t<\/div>\n\t\t\t\t\t\t<\/div>\n\t\t\t\t\t<\/div>\n\t\t<\/div>\n\t\t\t\t<div class=\"elementor-column elementor-col-25 elementor-top-column elementor-element elementor-element-9250689\" data-id=\"9250689\" data-element_type=\"column\">\n\t\t\t<div class=\"elementor-column-wrap elementor-element-populated\">\n\t\t\t\t\t\t\t<div class=\"elementor-widget-wrap\">\n\t\t\t\t\t\t<div class=\"elementor-element elementor-element-f48d2d9 elementor-widget elementor-widget-image\" data-id=\"f48d2d9\" data-element_type=\"widget\" data-widget_type=\"image.default\">\n\t\t\t\t<div class=\"elementor-widget-container\">\n\t\t\t\t\t<div class=\"elementor-image\">\n\t\t\t\t\t\t\t\t\t\t<img loading=\"lazy\" decoding=\"async\" width=\"640\" height=\"640\" src=\"https:\/\/jardinboticceli.com\/wp-content\/uploads\/2020\/11\/f33-1024x1024.png\" class=\"attachment-large size-large\" alt=\"\" srcset=\"https:\/\/jardinboticceli.com\/wp-content\/uploads\/2020\/11\/f33.png 1024w, https:\/\/jardinboticceli.com\/wp-content\/uploads\/2020\/11\/f33-300x300.png 300w, https:\/\/jardinboticceli.com\/wp-content\/uploads\/2020\/11\/f33-150x150.png 150w, https:\/\/jardinboticceli.com\/wp-content\/uploads\/2020\/11\/f33-768x768.png 768w, https:\/\/jardinboticceli.com\/wp-content\/uploads\/2020\/11\/f33-400x400.png 400w, https:\/\/jardinboticceli.com\/wp-content\/uploads\/2020\/11\/f33-600x600.png 600w, https:\/\/jardinboticceli.com\/wp-content\/uploads\/2020\/11\/f33-100x100.png 100w\" sizes=\"auto, (max-width: 640px) 100vw, 640px\" \/>\t\t\t\t\t\t\t\t\t\t\t<\/div>\n\t\t\t\t<\/div>\n\t\t\t\t<\/div>\n\t\t\t\t\t\t<\/div>\n\t\t\t\t\t<\/div>\n\t\t<\/div>\n\t\t\t\t<div class=\"elementor-column elementor-col-25 elementor-top-column elementor-element elementor-element-d92f823\" data-id=\"d92f823\" data-element_type=\"column\">\n\t\t\t<div class=\"elementor-column-wrap elementor-element-populated\">\n\t\t\t\t\t\t\t<div class=\"elementor-widget-wrap\">\n\t\t\t\t\t\t<div class=\"elementor-element elementor-element-56d39d1 elementor-widget elementor-widget-image\" data-id=\"56d39d1\" data-element_type=\"widget\" data-widget_type=\"image.default\">\n\t\t\t\t<div class=\"elementor-widget-container\">\n\t\t\t\t\t<div class=\"elementor-image\">\n\t\t\t\t\t\t\t\t\t\t<img loading=\"lazy\" decoding=\"async\" width=\"640\" height=\"640\" src=\"https:\/\/jardinboticceli.com\/wp-content\/uploads\/2020\/11\/f34-1024x1024.png\" class=\"attachment-large size-large\" alt=\"\" srcset=\"https:\/\/jardinboticceli.com\/wp-content\/uploads\/2020\/11\/f34.png 1024w, https:\/\/jardinboticceli.com\/wp-content\/uploads\/2020\/11\/f34-300x300.png 300w, https:\/\/jardinboticceli.com\/wp-content\/uploads\/2020\/11\/f34-150x150.png 150w, https:\/\/jardinboticceli.com\/wp-content\/uploads\/2020\/11\/f34-768x768.png 768w, https:\/\/jardinboticceli.com\/wp-content\/uploads\/2020\/11\/f34-400x400.png 400w, https:\/\/jardinboticceli.com\/wp-content\/uploads\/2020\/11\/f34-600x600.png 600w, https:\/\/jardinboticceli.com\/wp-content\/uploads\/2020\/11\/f34-100x100.png 100w\" sizes=\"auto, (max-width: 640px) 100vw, 640px\" \/>\t\t\t\t\t\t\t\t\t\t\t<\/div>\n\t\t\t\t<\/div>\n\t\t\t\t<\/div>\n\t\t\t\t\t\t<\/div>\n\t\t\t\t\t<\/div>\n\t\t<\/div>\n\t\t\t\t<div class=\"elementor-column elementor-col-25 elementor-top-column elementor-element elementor-element-13f812b\" data-id=\"13f812b\" data-element_type=\"column\">\n\t\t\t<div class=\"elementor-column-wrap elementor-element-populated\">\n\t\t\t\t\t\t\t<div class=\"elementor-widget-wrap\">\n\t\t\t\t\t\t<div class=\"elementor-element elementor-element-aa63821 elementor-widget elementor-widget-image\" data-id=\"aa63821\" data-element_type=\"widget\" data-widget_type=\"image.default\">\n\t\t\t\t<div class=\"elementor-widget-container\">\n\t\t\t\t\t<div class=\"elementor-image\">\n\t\t\t\t\t\t\t\t\t\t<img loading=\"lazy\" decoding=\"async\" width=\"640\" height=\"640\" src=\"https:\/\/jardinboticceli.com\/wp-content\/uploads\/2020\/11\/f35-1024x1024.png\" class=\"attachment-large size-large\" alt=\"\" srcset=\"https:\/\/jardinboticceli.com\/wp-content\/uploads\/2020\/11\/f35.png 1024w, https:\/\/jardinboticceli.com\/wp-content\/uploads\/2020\/11\/f35-300x300.png 300w, https:\/\/jardinboticceli.com\/wp-content\/uploads\/2020\/11\/f35-150x150.png 150w, https:\/\/jardinboticceli.com\/wp-content\/uploads\/2020\/11\/f35-768x768.png 768w, https:\/\/jardinboticceli.com\/wp-content\/uploads\/2020\/11\/f35-400x400.png 400w, https:\/\/jardinboticceli.com\/wp-content\/uploads\/2020\/11\/f35-600x600.png 600w, https:\/\/jardinboticceli.com\/wp-content\/uploads\/2020\/11\/f35-100x100.png 100w\" sizes=\"auto, (max-width: 640px) 100vw, 640px\" \/>\t\t\t\t\t\t\t\t\t\t\t<\/div>\n\t\t\t\t<\/div>\n\t\t\t\t<\/div>\n\t\t\t\t\t\t<\/div>\n\t\t\t\t\t<\/div>\n\t\t<\/div>\n\t\t\t\t\t\t\t\t<\/div>\n\t\t\t\t\t<\/div>\n\t\t<\/section>\n\t\t\t\t\t\t<\/div>\n\t\t\t\t\t\t<\/div>\n\t\t\t\t\t<\/div>\n\t\t","protected":false},"excerpt":{"rendered":"<p>Ente Regulador Secretaria Distrital de Integraci\u00f3n Social El ente que nos realiza inspecci\u00f3n y vigilancia a los jardines infantiles privados de Bogot\u00e1 es la Secretaria Distrital de Integraci\u00f3n Social, subdirecci\u00f3n de infancia y Adolescencia. En Kennedy somos 304 Jardines Infantiles Privados activos al mes de noviembre del a\u00f1o 2019. De los cuales 230 Jardines, est\u00e1n <\/p>\n","protected":false},"author":1,"featured_media":0,"parent":0,"menu_order":0,"comment_status":"closed","ping_status":"closed","template":"","meta":{"footnotes":""},"class_list":["post-1207","page","type-page","status-publish","hentry"],"_links":{"self":[{"href":"https:\/\/jardinboticceli.com\/index.php\/wp-json\/wp\/v2\/pages\/1207","targetHints":{"allow":["GET"]}}],"collection":[{"href":"https:\/\/jardinboticceli.com\/index.php\/wp-json\/wp\/v2\/pages"}],"about":[{"href":"https:\/\/jardinboticceli.com\/index.php\/wp-json\/wp\/v2\/types\/page"}],"author":[{"embeddable":true,"href":"https:\/\/jardinboticceli.com\/index.php\/wp-json\/wp\/v2\/users\/1"}],"replies":[{"embeddable":true,"href":"https:\/\/jardinboticceli.com\/index.php\/wp-json\/wp\/v2\/comments?post=1207"}],"version-history":[{"count":59,"href":"https:\/\/jardinboticceli.com\/index.php\/wp-json\/wp\/v2\/pages\/1207\/revisions"}],"predecessor-version":[{"id":3237,"href":"https:\/\/jardinboticceli.com\/index.php\/wp-json\/wp\/v2\/pages\/1207\/revisions\/3237"}],"wp:attachment":[{"href":"https:\/\/jardinboticceli.com\/index.php\/wp-json\/wp\/v2\/media?parent=1207"}],"curies":[{"name":"wp","href":"https:\/\/api.w.org\/{rel}","templated":true}]}}